{"id":954,"date":"2022-04-12T14:47:04","date_gmt":"2022-04-12T14:47:04","guid":{"rendered":"https:\/\/rintransactiv.ro\/?page_id=954"},"modified":"2022-04-12T14:47:04","modified_gmt":"2022-04-12T14:47:04","slug":"cookie-policy","status":"publish","type":"page","link":"https:\/\/rintrans.obster.ro\/ro\/cookie-policy\/","title":{"rendered":"Politica cookie"},"content":{"rendered":"<p>Informa\u021biile prezentate mai jos au scopul de a informa utilizatorul mai multe detalii despre plasarea, utilizarea \u0219i administrarea \u201ecookie-urilor\u201d utilizate de site-ul \u201ewww.rintransactiv.ro\u201d<\/p>\n\n\n\n<p>Acest site web folose\u0219te cookie-uri pentru a oferi vizitatorilor o experien\u021b\u0103 de navigare mult mai bun\u0103 \u0219i servicii adaptate nevoilor \u0219i intereselor lor.<\/p>\n\n\n\n<div class=\"wp-block-stackable-heading stk-block-heading stk-block stk-d350703\" id=\"what-is-a-cookie\" data-block-id=\"d350703\"><h3 class=\"stk-block-heading__text\">Ce este un cookie?<\/h3><\/div>\n\n\n\n<div class=\"wp-block-stackable-text stk-block-text stk-block stk-b65e6ba\" data-block-id=\"b65e6ba\"><p class=\"stk-block-text__text\">Un \u201ecookie de internet\u201d (cunoscut \u0219i ca \u201ecookie de browser\u201d sau \u201ecookie HTTP\u201d sau pur \u0219i simplu \u201ecookie\u201d) este un fi\u0219ier mic, format din litere \u0219i numere, care va fi stocat pe computerul, terminalul mobil sau alt echipament al dvs. un utilizator de la care se acceseaz\u0103 Internetul.<\/p><\/div>\n\n\n\n<div class=\"wp-block-stackable-text stk-block-text stk-block stk-f258441\" data-block-id=\"f258441\"><p class=\"stk-block-text__text\">Cookie-ul este instalat la cererea emis\u0103 de un server web c\u0103tre un browser (ex. Internet Explorer, Chrome) \u0219i este complet \u201epasiv\u201d (nu con\u021bine software, viru\u0219i sau spyware \u0219i nu poate accesa informa\u021biile de pe hard disk utilizatorul).<\/p><\/div>\n\n\n\n<div class=\"wp-block-stackable-text stk-block-text stk-block stk-622a14b\" data-block-id=\"622a14b\"><p class=\"stk-block-text__text\">Un cookie este format din 2 p\u0103r\u021bi: numele \u0219i con\u021binutul sau valoarea cookie-ului. Mai mult, se determin\u0103 durata existen\u021bei unui cookie; din punct de vedere tehnic, doar serverul web care a trimis cookie-ul \u00eel poate accesa din nou atunci c\u00e2nd un utilizator revine pe site-ul web asociat cu acel server web.<\/p><\/div>\n\n\n\n<div class=\"wp-block-stackable-text stk-block-text stk-block stk-50cfdf9\" data-block-id=\"50cfdf9\"><p class=\"stk-block-text__text\">Cookie-urile \u00een sine nu necesit\u0103 informa\u021bii personale pentru a fi utilizate \u0219i, \u00een cele mai multe cazuri, nu identific\u0103 personal utilizatorii de internet.<\/p><\/div>\n\n\n\n<div class=\"wp-block-stackable-heading stk-block-heading stk-block stk-af52a52\" id=\"categories-of-cookies\" data-block-id=\"af52a52\"><h3 class=\"stk-block-heading__text\">Categorii de cookie-uri<\/h3><\/div>\n\n\n\n<div class=\"wp-block-stackable-text stk-block-text stk-block stk-43984db\" data-block-id=\"43984db\"><p class=\"stk-block-text__text\">Cookie-uri de sesiune \u2013 acestea sunt stocate temporar \u00een folderul de cookie-uri al browserului web pentru ca acesta s\u0103 le poat\u0103 stoca p\u00e2n\u0103 c\u00e2nd utilizatorul p\u0103r\u0103se\u0219te site-ul respectiv sau \u00eenchide fereastra browserului (ex. la conectarea\/deconectarea dintr-un cont webmail sau re\u021bele sociale).<\/p><\/div>\n\n\n\n<div class=\"wp-block-stackable-text stk-block-text stk-block stk-779a3a3\" data-block-id=\"779a3a3\"><p class=\"stk-block-text__text\">Cookie-uri persistente \u2013 acestea sunt stocate pe hard disk-ul unui computer sau dispozitiv (\u0219i, \u00een general, depind de durata de via\u021b\u0103 implicit\u0103 a cookie-ului). Cookie-urile persistente le includ \u0219i pe cele plasate de un alt site dec\u00e2t cel pe care \u00eel viziteaz\u0103 utilizatorul \u2013 cunoscute sub denumirea de \u201ecookie-uri ter\u021b\u0103 parte\u201d \u2013 care pot fi utilizate \u00een mod anonim. pentru a memora interesele unui utilizator, astfel \u00eenc\u00e2t s\u0103 fie livrat\u0103 cea mai relevant\u0103 publicitate pentru utilizator.<\/p><\/div>\n\n\n\n<div class=\"wp-block-stackable-text stk-block-text stk-block stk-f363bb6\" data-block-id=\"f363bb6\"><p class=\"stk-block-text__text\">Un cookie con\u021bine informa\u021bii care leag\u0103 un browser web (utilizator) la un anumit server web (site web). Dac\u0103 un browser acceseaz\u0103 din nou acel server web, poate citi informa\u021biile deja stocate \u0219i poate reac\u021biona \u00een consecin\u021b\u0103. Cookie-urile ofer\u0103 utilizatorilor o experien\u021b\u0103 pl\u0103cut\u0103 de navigare \u0219i sus\u021bin eforturile multor site-uri web de a oferi servicii confortabile utilizatorilor: de exemplu, preferin\u021be de confiden\u021bialitate online, op\u021biuni de limb\u0103 a site-ului, co\u0219uri de cump\u0103r\u0103turi sau publicitate relevant\u0103.<\/p><\/div>\n\n\n\n<div class=\"wp-block-stackable-text stk-block-text stk-block stk-fdcf422\" data-block-id=\"fdcf422\"><p class=\"stk-block-text__text\">Cookie-urile sunt administrate de servere web. Durata de via\u021b\u0103 a unui cookie poate varia semnificativ, \u00een func\u021bie de scopul pentru care este plasat. Unele cookie-uri sunt folosite exclusiv pentru o singur\u0103 sesiune (cookie-uri de sesiune) \u0219i nu mai sunt re\u021binute odat\u0103 ce utilizatorul a p\u0103r\u0103sit site-ul web, iar unele cookie-uri sunt re\u021binute \u0219i reutilizate de fiecare dat\u0103 c\u00e2nd utilizatorul revine pe acel site web (cookie-uri). permanent). Cu toate acestea, cookie-urile pot fi \u0219terse de c\u0103tre un utilizator \u00een orice moment prin set\u0103rile browserului.<\/p><\/div>\n\n\n\n<div class=\"wp-block-stackable-heading stk-block-heading stk-block stk-7220b8d\" id=\"why-do-we-use-cookies\" data-block-id=\"7220b8d\"><h3 class=\"stk-block-heading__text\">De ce folosim cookie-uri?<\/h3><\/div>\n\n\n\n<div class=\"wp-block-stackable-text stk-block-text stk-block stk-66cf6b8\" data-block-id=\"66cf6b8\"><style>.stk-66cf6b8{margin-bottom:1px !important}<\/style><p class=\"stk-block-text__text\">O vizita pe un site web poate plasa cookie-uri pentru:<\/p><\/div>\n\n\n\n<ul class=\"wp-block-list\"><li>cre\u0219terea performan\u021bei site-ului web;<\/li><li>o analiz\u0103 a vizitatorilor;<\/li><li>geotargetting;<\/li><li>\u00cenregistrare utilizator.<\/li><li>Cookie de performan\u021b\u0103<\/li><\/ul>\n\n\n\n<p>Acest tip de cookie p\u0103streaz\u0103 preferin\u021bele utilizatorului pe site, deci nu este nevoie s\u0103 le seta\u021bi de fiecare dat\u0103 c\u00e2nd vizita\u021bi site-ul.<\/p>\n\n\n\n<p>Exemple: cookie-uri de tip anunt (cu ele ne amintim de alegerea utilizatorului de a nu vedea reclama afisata pe site (apasat pe x)), setarile de volum al playerului video, viteza de streaming video cu care este compatibil browserul.<\/p>\n\n\n\n<p><strong>Cookie de analiz\u0103 a performan\u021bei<\/strong><\/p>\n\n\n\n<p>De fiecare dat\u0103 c\u00e2nd un utilizator viziteaz\u0103 un site, software-ul de analiz\u0103 furnizat de o ter\u021b\u0103 parte genereaz\u0103 un cookie de analiz\u0103 a utilizatorului. Acest cookie spune dac\u0103 a\u021bi vizitat acest site \u00eenainte. Browserul v\u0103 va anun\u021ba dac\u0103 ave\u021bi acest cookie, iar dac\u0103 nu, va fi generat unul. Permite monitorizarea utilizatorilor unici care viziteaz\u0103 site-ul \u0219i c\u00e2t de des o fac.<\/p>\n\n\n\n<p>Atata timp cat vizitatorul nu este inregistrat pe site, acest cookie nu poate fi folosit pentru identificarea persoanelor fizice, acestea fiind folosite doar in scopuri statistice. Dac\u0103 este \u00eenregistrat\u0103, pot fi cunoscute \u0219i detaliile furnizate, precum adresa de e-mail \u0219i numele de utilizator \u2013 acestea fiind supuse confiden\u021bialit\u0103\u021bii, \u00een conformitate cu prevederile legisla\u021biei \u00een vigoare privind protec\u021bia datelor cu caracter personal.<\/p>\n\n\n\n<p><strong>Geotargeting cookie<\/strong><\/p>\n\n\n\n<p>Aceste cookie-uri sunt folosite de un software care determin\u0103 din ce \u021bar\u0103 veni\u021bi. Este complet anonim \u0219i este folosit doar pentru a viza con\u021binut \u2013 chiar \u0219i atunci c\u00e2nd vizitatorul se afl\u0103 pe pagin\u0103 \u00een limba rom\u00e2n\u0103 sau \u00een alt\u0103 limb\u0103, va primi aceea\u0219i reclam\u0103.<\/p>\n\n\n\n<p><strong>Alte cookie-uri<\/strong><\/p>\n\n\n\n<p>Pe unele pagini, ter\u021bii \u00ee\u0219i pot seta propriile cookie-uri anonime pentru a urm\u0103ri succesul unei aplica\u021bii sau pentru a personaliza o aplica\u021bie.<\/p>\n\n\n\n<p>De exemplu, atunci c\u00e2nd distribui\u021bi un articol folosind butonul de social media de pe un site, acea re\u021bea social\u0103 v\u0103 va \u00eenregistra activitatea.<\/p>\n\n\n\n<p><strong>Ce fel de informa\u021bii sunt stocate \u0219i accesate prin cookie-uri?<\/strong><\/p>\n\n\n\n<p>Cookie-urile stocheaz\u0103 informa\u021bii \u00eentr-un fi\u0219ier text mic care permite unui site web s\u0103 recunoasc\u0103 un browser. Serverul web va recunoa\u0219te browserul p\u00e2n\u0103 c\u00e2nd cookie-ul expir\u0103 sau este \u0219ters.<\/p>\n\n\n\n<p>Cookie-ul stocheaz\u0103 informa\u021bii importante care \u00eembun\u0103t\u0103\u021besc experien\u021ba de navigare pe Internet (de exemplu, set\u0103rile de limb\u0103 pentru accesarea unui site; men\u021binerea unui utilizator conectat la contul s\u0103u de webmail; securitatea online banking; p\u0103strarea produselor \u00een co\u0219ul de cump\u0103r\u0103turi)<\/p>\n\n\n\n<p>Cookie-urile sunt punctul focal al func\u021bion\u0103rii eficiente a Internetului, ajut\u00e2nd la generarea unei experien\u021be de navigare prietenoase \u0219i adaptat\u0103 preferin\u021belor \u0219i intereselor fiec\u0103rui utilizator. Refuzarea sau dezactivarea cookie-urilor poate face unele site-uri imposibil de utilizat.<\/p>\n\n\n\n<p>Exemple de utiliz\u0103ri importante ale cookie-urilor (care nu necesit\u0103 autentificarea unui utilizator printr-un cont):<\/p>\n\n\n\n<p>Con\u021binut \u0219i servicii adaptate preferin\u021belor utilizatorilor \u2013 \u0219tiri, vreme, sport, h\u0103r\u021bi, servicii publice \u0219i guvernamentale, site-uri de divertisment \u0219i servicii de c\u0103l\u0103torie.<br>Oferte adaptate intereselor utilizatorilor \u2013 p\u0103strarea parolei, preferin\u021bele de limb\u0103 (ex. afi\u0219area rezultatelor c\u0103ut\u0103rii \u00een limba rom\u00e2n\u0103).<br>Re\u021binerea filtrelor de protec\u021bie a copiilor pe con\u021binutul de pe Internet (op\u021biuni pentru modul familie, func\u021bii de c\u0103utare sigur\u0103).<br>Caracteristici de m\u0103surare, optimizare \u0219i analiz\u0103 \u2013 cum ar fi confirmarea unui anumit nivel de trafic c\u0103tre un site web, ce tip de con\u021binut este vizualizat \u0219i modul \u00een care un utilizator ajunge la un site web (de exemplu, prin motoarele de c\u0103utare, direct de pe alte site-uri web). uri). Site-urile web efectueaz\u0103 aceste analize ale utiliz\u0103rii lor pentru a \u00eembun\u0103t\u0103\u021bi site-urile \u00een beneficiul utilizatorilor.<br>Probleme de securitate \u0219i confiden\u021bialitate<\/p>\n\n\n\n<p><strong>Cookie-urile NU sunt viru\u0219i! <\/strong>Folosesc formate de text simplu. Nu sunt alc\u0103tuite din buc\u0103\u021bi de cod, a\u0219a c\u0103 nu pot fi executate sau auto-executate. Ca urmare, acestea nu pot fi duplicate sau replicate \u00een alte re\u021bele pentru a rula sau replica. Deoarece nu pot \u00eendeplini aceste func\u021bii, nu pot fi considera\u021bi viru\u0219i.<\/p>\n\n\n\n<p>Cu toate acestea, cookie-urile pot fi folosite \u00een scopuri negative. Deoarece stocheaz\u0103 informa\u021bii despre preferin\u021bele utilizatorilor \u0219i istoricul de navigare, at\u00e2t pe un anumit site, c\u00e2t \u0219i pe mai multe alte site-uri, cookie-urile pot fi folosite ca o form\u0103 de Spyware. Multe produse anti-spyware sunt con\u0219tiente de acest lucru \u0219i marcheaz\u0103 constant cookie-urile pentru a fi \u0219terse \u00een timpul procedurilor de eliminare\/scanare anti-virus\/anti-spyware.<\/p>\n\n\n\n<p>\u00cen general, browserele au integrate set\u0103ri de confiden\u021bialitate care ofer\u0103 diferite niveluri de acceptare a cookie-urilor, perioad\u0103 de valabilitate \u0219i \u0219tergere automat\u0103 dup\u0103 ce utilizatorul a vizitat un anumit site.<\/p>\n\n\n\n<p>Personaliza\u021bi set\u0103rile browserului pentru cookie-uri pentru a reflecta un nivel confortabil de securitate a cookie-urilor pentru dvs.<br>Dac\u0103 partaja\u021bi accesul la computer, v\u0103 recomand\u0103m s\u0103 lua\u021bi \u00een considerare configurarea browserului pentru a \u0219terge datele individuale de navigare de fiecare dat\u0103 c\u00e2nd \u00eenchide\u021bi browserul. Aceasta este o op\u021biune de accesare a site-urilor care plaseaz\u0103 cookie-uri \u0219i de a \u0219terge orice informa\u021bie de vizit\u0103 la sf\u00e2r\u0219itul sesiunii de navigare.<br>Instala\u021bi \u0219i actualiza\u021bi \u00een mod constant aplica\u021biile antispyware.<br>Multe dintre aplica\u021biile de detectare \u0219i prevenire a programelor spion includ detectarea atacurilor de site. Acest lucru \u00eempiedic\u0103 browserul s\u0103 acceseze site-uri web care ar putea exploata vulnerabilit\u0103\u021bile browserului sau s\u0103 descarce software r\u0103u inten\u021bionat.<\/p>\n\n\n\n<div class=\"wp-block-stackable-heading stk-block-heading stk-block stk-b669a60\" id=\"how-do-i-stop-cookies\" data-block-id=\"b669a60\"><h3 class=\"stk-block-heading__text\">Cum opresc cookie-urile?<\/h3><\/div>\n\n\n\n<p>Este posibil s\u0103 seta\u021bi \u00een browser astfel \u00eenc\u00e2t aceste cookie-uri s\u0103 nu mai fie acceptate sau browserul poate fi setat s\u0103 accepte cookie-uri de la un anumit site. Dar, de exemplu, dac\u0103 un vizitator nu este \u00eenregistrat folosind cookie-uri, acesta nu va putea l\u0103sa comentarii.<\/p>\n\n\n\n<p>Toate browserele moderne ofer\u0103 posibilitatea de a modifica set\u0103rile cookie-urilor. Aceste set\u0103ri se g\u0103sesc de obicei \u00een meniul Op\u021biuni sau \u00een meniul Favorite al browserului.<\/p>\n\n\n\n<p>Pentru a \u00een\u021belege aceste set\u0103ri, urm\u0103toarele link-uri pot fi utile:<\/p>\n\n\n\n<p>Cookie settings in Internet Explorer<br>Cookie settings in Firefox<br>Cookie settings in Chrome<br>Cookie settings in Safari<\/p>","protected":false},"excerpt":{"rendered":"<p>The information presented below aims to inform the user more details about the placement, use and administration of &#8220;cookies&#8221; used by the site &#8220;www.rintransactiv.ro&#8221; This website uses cookies to provide visitors with a much better browsing experience and services tailored to their needs and interests. What is a cookie? An &#8220;Internet Cookie&#8221; (also known as [&hellip;]<\/p>","protected":false},"author":1,"featured_media":0,"parent":0,"menu_order":0,"comment_status":"closed","ping_status":"closed","template":"","meta":{"footnotes":""},"class_list":["post-954","page","type-page","status-publish","hentry"],"blocksy_meta":{"styles_descriptor":{"styles":{"desktop":"","tablet":"","mobile":""},"google_fonts":[],"version":6}},"featured_image_urls_v2":{"full":"","thumbnail":"","medium":"","medium_large":"","large":"","1536x1536":"","2048x2048":"","trp-custom-language-flag":""},"post_excerpt_stackable_v2":"<p>The information presented below aims to inform the user more details about the placement, use and administration of &#8220;cookies&#8221; used by the site &#8220;www.rintransactiv.ro&#8221; This website uses cookies to provide visitors with a much better browsing experience and services tailored to their needs and interests. What is a cookie? An &#8220;Internet Cookie&#8221; (also known as a &#8220;browser cookie&#8221; or &#8220;HTTP cookie&#8221; or simply &#8220;cookie&#8221;) is a small file, consisting of letters and numbers, that will be stored on your computer, mobile terminal or other equipment of a user from whom the Internet is accessed. The cookie is installed by request&hellip;<\/p>\n","category_list_v2":"","author_info_v2":{"name":"madalinmoise00@gmail.com","url":"https:\/\/rintrans.obster.ro\/ro\/author\/madalinmoise00gmail-com\/"},"comments_num_v2":"0 comments","_links":{"self":[{"href":"https:\/\/rintrans.obster.ro\/ro\/wp-json\/wp\/v2\/pages\/954","targetHints":{"allow":["GET"]}}],"collection":[{"href":"https:\/\/rintrans.obster.ro\/ro\/wp-json\/wp\/v2\/pages"}],"about":[{"href":"https:\/\/rintrans.obster.ro\/ro\/wp-json\/wp\/v2\/types\/page"}],"author":[{"embeddable":true,"href":"https:\/\/rintrans.obster.ro\/ro\/wp-json\/wp\/v2\/users\/1"}],"replies":[{"embeddable":true,"href":"https:\/\/rintrans.obster.ro\/ro\/wp-json\/wp\/v2\/comments?post=954"}],"version-history":[{"count":0,"href":"https:\/\/rintrans.obster.ro\/ro\/wp-json\/wp\/v2\/pages\/954\/revisions"}],"wp:attachment":[{"href":"https:\/\/rintrans.obster.ro\/ro\/wp-json\/wp\/v2\/media?parent=954"}],"curies":[{"name":"wp","href":"https:\/\/api.w.org\/{rel}","templated":true}]}}