{"id":771,"date":"2022-04-09T15:54:54","date_gmt":"2022-04-09T15:54:54","guid":{"rendered":"https:\/\/rintransactiv.ro\/?page_id=771"},"modified":"2024-04-24T14:25:17","modified_gmt":"2024-04-24T14:25:17","slug":"port-terminals","status":"publish","type":"page","link":"https:\/\/rintrans.obster.ro\/ro\/port-terminals\/","title":{"rendered":"Port Terminals"},"content":{"rendered":"<div class=\"wp-block-stackable-heading stk-block-heading stk-block-heading--v2 stk-block stk-3c38ab2\" id=\"we-operate-two-terminals-in-the-port-of-constanta-which-is-the-biggest-black-sea-port-and-one-of-the-biggest-grain-hubs-in-europe\" data-block-id=\"3c38ab2\"><style>.stk-3c38ab2{margin-bottom:50px !important}@media screen and (max-width:689px){.stk-3c38ab2 .stk-block-heading__text{font-size:24px !important}}<\/style><h3 class=\"stk-block-heading__text has-text-align-center stk-block-heading--use-theme-margins\">Oper\u0103m dou\u0103 terminale \u00een Portul Constan\u021ba, care este cel mai mare port la Marea Neagr\u0103 \u0219i unul dintre cele mai mari noduri de cereale din Europa.<\/h3><\/div>\n\n\n\n<div class=\"wp-block-stackable-columns stk-block-columns stk-block stk-8b206b5\" data-block-id=\"8b206b5\"><div class=\"stk-row stk-inner-blocks stk-block-content stk-content-align stk-8b206b5-column\">\n<div class=\"wp-block-stackable-column stk-block-column stk-column stk-block stk-b854544\" data-block-id=\"b854544\"><div class=\"stk-column-wrapper stk-block-column__content stk-container stk-b854544-container stk--no-background stk--no-padding\"><div class=\"stk-block-content stk-inner-blocks stk-b854544-inner-blocks\">\n<div class=\"wp-block-stackable-image stk-block-image stk-block stk-dd8bd5f\" data-block-id=\"dd8bd5f\"><style>.stk-dd8bd5f .stk-img-wrapper img{border-radius:25px !important}<\/style><figure><span class=\"stk-img-wrapper stk-image--shape-stretch\"><img loading=\"lazy\" decoding=\"async\" class=\"stk-img wp-image-825\" src=\"https:\/\/rintransactiv.ro\/wp-content\/uploads\/2022\/04\/Constanta-port.jpg\" width=\"2121\" height=\"1414\" alt=\"Summer night in constanta port\" srcset=\"https:\/\/rintrans.obster.ro\/wp-content\/uploads\/2022\/04\/Constanta-port.jpg 2121w, https:\/\/rintrans.obster.ro\/wp-content\/uploads\/2022\/04\/Constanta-port-300x200.jpg 300w, https:\/\/rintrans.obster.ro\/wp-content\/uploads\/2022\/04\/Constanta-port-1024x683.jpg 1024w, https:\/\/rintrans.obster.ro\/wp-content\/uploads\/2022\/04\/Constanta-port-768x512.jpg 768w, https:\/\/rintrans.obster.ro\/wp-content\/uploads\/2022\/04\/Constanta-port-1536x1024.jpg 1536w, https:\/\/rintrans.obster.ro\/wp-content\/uploads\/2022\/04\/Constanta-port-2048x1365.jpg 2048w\" sizes=\"auto, (max-width: 2121px) 100vw, 2121px\" \/><\/span><\/figure><\/div>\n<\/div><\/div><\/div>\n\n\n\n<div class=\"wp-block-stackable-column stk-block-column stk-column stk-block stk-8b79138\" data-block-id=\"8b79138\"><div class=\"stk-column-wrapper stk-block-column__content stk-container stk-8b79138-container stk--no-background stk--no-padding\"><div class=\"stk-block-content stk-inner-blocks stk-8b79138-inner-blocks\">\n<div class=\"wp-block-stackable-image stk-block-image stk-block stk-969711e\" data-block-id=\"969711e\"><style>.stk-969711e .stk-img-wrapper img{border-radius:25px !important}<\/style><figure><span class=\"stk-img-wrapper stk-image--shape-stretch\"><img loading=\"lazy\" decoding=\"async\" class=\"stk-img wp-image-824\" src=\"https:\/\/rintransactiv.ro\/wp-content\/uploads\/2022\/04\/Constanta-port-terminal.jpg\" width=\"2121\" height=\"1414\" alt=\"Port storage facility\" srcset=\"https:\/\/rintrans.obster.ro\/wp-content\/uploads\/2022\/04\/Constanta-port-terminal.jpg 2121w, https:\/\/rintrans.obster.ro\/wp-content\/uploads\/2022\/04\/Constanta-port-terminal-300x200.jpg 300w, https:\/\/rintrans.obster.ro\/wp-content\/uploads\/2022\/04\/Constanta-port-terminal-1024x683.jpg 1024w, https:\/\/rintrans.obster.ro\/wp-content\/uploads\/2022\/04\/Constanta-port-terminal-768x512.jpg 768w, https:\/\/rintrans.obster.ro\/wp-content\/uploads\/2022\/04\/Constanta-port-terminal-1536x1024.jpg 1536w, https:\/\/rintrans.obster.ro\/wp-content\/uploads\/2022\/04\/Constanta-port-terminal-2048x1365.jpg 2048w\" sizes=\"auto, (max-width: 2121px) 100vw, 2121px\" \/><\/span><\/figure><\/div>\n<\/div><\/div><\/div>\n\n\n\n<div class=\"wp-block-stackable-column stk-block-column stk-column stk-block stk-6dade0b\" data-block-id=\"6dade0b\"><div class=\"stk-column-wrapper stk-block-column__content stk-container stk-6dade0b-container stk--no-background stk--no-padding\"><div class=\"stk-block-content stk-inner-blocks stk-6dade0b-inner-blocks\">\n<div class=\"wp-block-stackable-image stk-block-image stk-block stk-70f9bf3\" data-block-id=\"70f9bf3\"><style>.stk-70f9bf3 .stk-img-wrapper img{border-radius:25px !important}<\/style><figure><span class=\"stk-img-wrapper stk-image--shape-stretch\"><img loading=\"lazy\" decoding=\"async\" class=\"stk-img wp-image-823\" src=\"https:\/\/rintransactiv.ro\/wp-content\/uploads\/2022\/04\/Constanta-port-termial-2.jpg\" width=\"2121\" height=\"1414\" alt=\"Constanta port at night\" srcset=\"https:\/\/rintrans.obster.ro\/wp-content\/uploads\/2022\/04\/Constanta-port-termial-2.jpg 2121w, https:\/\/rintrans.obster.ro\/wp-content\/uploads\/2022\/04\/Constanta-port-termial-2-300x200.jpg 300w, https:\/\/rintrans.obster.ro\/wp-content\/uploads\/2022\/04\/Constanta-port-termial-2-1024x683.jpg 1024w, https:\/\/rintrans.obster.ro\/wp-content\/uploads\/2022\/04\/Constanta-port-termial-2-768x512.jpg 768w, https:\/\/rintrans.obster.ro\/wp-content\/uploads\/2022\/04\/Constanta-port-termial-2-1536x1024.jpg 1536w, https:\/\/rintrans.obster.ro\/wp-content\/uploads\/2022\/04\/Constanta-port-termial-2-2048x1365.jpg 2048w\" sizes=\"auto, (max-width: 2121px) 100vw, 2121px\" \/><\/span><\/figure><\/div>\n<\/div><\/div><\/div>\n<\/div><\/div>\n\n\n\n<div class=\"wp-block-stackable-divider stk-block-divider stk-block stk-b511350\" data-block-id=\"b511350\"><style>.stk-b511350{margin-bottom:50px !important}.stk-b511350 hr.stk-block-divider__hr{background:var(--theme-palette-color-2,#ffc900) !important;height:2px !important;width:100% !important}<\/style><hr class=\"stk-block-divider__hr\"\/><\/div>\n\n\n\n<div class=\"wp-block-stackable-heading stk-block-heading stk-block-heading--v2 stk-block stk-53f9b94\" id=\"port-storage-facility-near-our-terminals-marked-red\" data-block-id=\"53f9b94\"><style>.stk-53f9b94{margin-bottom:50px !important}@media screen and (max-width:689px){.stk-53f9b94 .stk-block-heading__text{font-size:24px !important}}<\/style><h3 class=\"stk-block-heading__text has-text-align-center stk-block-heading--use-theme-margins\">Depozitare portuar\u0103 l\u00e2ng\u0103 terminalele noastre (marcate cu ro\u0219u)<\/h3><\/div>\n\n\n\n<div class=\"wp-block-stackable-columns stk-block-columns stk-block stk-fe9f5ea\" data-block-id=\"fe9f5ea\"><style>@media screen and (max-width:689px){.stk-fe9f5ea{margin-bottom:100px !important}}<\/style><div class=\"stk-row stk-inner-blocks stk-block-content stk-content-align stk-fe9f5ea-column\">\n<div class=\"wp-block-stackable-column stk-block-column stk-column stk-block stk-4421cbd\" data-block-id=\"4421cbd\"><style>.stk-4421cbd-container{min-height:500px !important}@media screen and (max-width:689px){.stk-4421cbd{margin-bottom:0px !important}}<\/style><div class=\"stk-column-wrapper stk-block-column__content stk-container stk-4421cbd-container stk--no-background stk--no-padding\"><div class=\"stk-block-content stk-inner-blocks stk-4421cbd-inner-blocks\">\n<div class=\"wp-block-stackable-image stk-block-image has-text-align-center-mobile stk-block stk-f30e941\" data-block-id=\"f30e941\"><style>.stk-f30e941{border-radius:25px !important;overflow:hidden !important}.stk-f30e941 .stk-img-wrapper{height:400px !important}@media screen and (max-width:689px){.stk-f30e941 .stk-img-wrapper img{object-position:73% 65% !important}}<\/style><figure><span class=\"stk-img-wrapper stk-image--shape-stretch\"><img loading=\"lazy\" decoding=\"async\" class=\"stk-img wp-image-793\" src=\"https:\/\/rintransactiv.ro\/wp-content\/uploads\/2022\/04\/Port-terminal-1.png\" width=\"1522\" height=\"838\" srcset=\"https:\/\/rintrans.obster.ro\/wp-content\/uploads\/2022\/04\/Port-terminal-1.png 1522w, https:\/\/rintrans.obster.ro\/wp-content\/uploads\/2022\/04\/Port-terminal-1-300x165.png 300w, https:\/\/rintrans.obster.ro\/wp-content\/uploads\/2022\/04\/Port-terminal-1-1024x564.png 1024w, https:\/\/rintrans.obster.ro\/wp-content\/uploads\/2022\/04\/Port-terminal-1-768x423.png 768w\" sizes=\"auto, (max-width: 1522px) 100vw, 1522px\" \/><\/span><\/figure><\/div>\n<\/div><\/div><\/div>\n\n\n\n<div class=\"wp-block-stackable-column stk-block-column stk-column stk-block stk-4b4bf86\" data-block-id=\"4b4bf86\"><div class=\"stk-column-wrapper stk-block-column__content stk-container stk-4b4bf86-container stk--no-background stk--no-padding\"><div class=\"stk-block-content stk-inner-blocks stk-4b4bf86-inner-blocks\">\n<div class=\"wp-block-stackable-image stk-block-image stk-block stk-c6edb84\" data-block-id=\"c6edb84\"><style>.stk-c6edb84{border-radius:25px !important;overflow:hidden !important}.stk-c6edb84 .stk-img-wrapper{height:400px !important}<\/style><figure><span class=\"stk-img-wrapper stk-image--shape-stretch\"><img loading=\"lazy\" decoding=\"async\" class=\"stk-img wp-image-794\" src=\"https:\/\/rintransactiv.ro\/wp-content\/uploads\/2022\/04\/Port-terminal-2.png\" width=\"2196\" height=\"1037\" srcset=\"https:\/\/rintrans.obster.ro\/wp-content\/uploads\/2022\/04\/Port-terminal-2.png 2196w, https:\/\/rintrans.obster.ro\/wp-content\/uploads\/2022\/04\/Port-terminal-2-300x142.png 300w, https:\/\/rintrans.obster.ro\/wp-content\/uploads\/2022\/04\/Port-terminal-2-1024x484.png 1024w, https:\/\/rintrans.obster.ro\/wp-content\/uploads\/2022\/04\/Port-terminal-2-768x363.png 768w, https:\/\/rintrans.obster.ro\/wp-content\/uploads\/2022\/04\/Port-terminal-2-1536x725.png 1536w, https:\/\/rintrans.obster.ro\/wp-content\/uploads\/2022\/04\/Port-terminal-2-2048x967.png 2048w\" sizes=\"auto, (max-width: 2196px) 100vw, 2196px\" \/><\/span><\/figure><\/div>\n<\/div><\/div><\/div>\n<\/div><\/div>\n\n\n\n<div class=\"wp-block-stackable-columns stk-block-columns stk-block stk-3521543 stk-block-background\" data-block-id=\"3521543\"><style>.stk-3521543{background-color:var(--theme-palette-color-8,#ffffff) !important;border-top-left-radius:25px !important;border-top-right-radius:25px !important;border-bottom-right-radius:25px !important;border-bottom-left-radius:25px !important;overflow:hidden !important;box-shadow:0 5px 30px -10px #123f524d !important}.stk-3521543:before{background-color:var(--theme-palette-color-8,#ffffff) !important}<\/style><div class=\"stk-row stk-inner-blocks stk-block-content stk-content-align stk-3521543-column\">\n<div class=\"wp-block-stackable-column stk-block-column stk-column stk-block stk-436148f\" data-block-id=\"436148f\"><div class=\"stk-column-wrapper stk-block-column__content stk-container stk-436148f-container stk--no-background stk--no-padding\"><div class=\"stk-block-content stk-inner-blocks stk-436148f-inner-blocks\">\n<div class=\"wp-block-stackable-heading stk-block-heading stk-block-heading--v2 stk-block stk-f88324e\" id=\"our-storage-capacity\" data-block-id=\"f88324e\"><style>.stk-f88324e{margin-bottom:0px !important}.stk-f88324e .stk-block-heading__text{color:var(--theme-palette-color-4,#000000) !important}.stk-f88324e .stk-block-heading__top-line{margin-left:auto !important;margin-right:auto !important}.stk-f88324e .stk-block-heading__bottom-line{margin-left:auto !important;margin-right:auto !important}@media screen and (max-width:689px){.stk-f88324e{padding-top:20px !important;padding-right:20px !important;padding-left:20px !important}.stk-f88324e .stk-block-heading__text{font-size:24px !important}}<\/style><h3 class=\"stk-block-heading__text has-text-color has-palette-color-4-color has-text-align-center stk-block-heading--use-theme-margins\">Capacitatea noastra de depozitare<\/h3><\/div>\n\n\n\n<div class=\"wp-block-stackable-text stk-block-text stk-block stk-e5e5bd7\" data-block-id=\"e5e5bd7\"><style>.stk-e5e5bd7 .stk-block-text__text{font-weight:700 !important}@media screen and (max-width:689px){.stk-e5e5bd7{padding-top:0px !important;padding-right:20px !important;padding-bottom:0px !important;padding-left:20px !important}}<\/style><p class=\"stk-block-text__text has-text-align-center\">40 000 metric tones (Frial \u2013 Berth 53, SOCEP \u2013 berth 35-37)<\/p><\/div>\n\n\n\n<div class=\"wp-block-stackable-columns stk-block-columns stk-block stk-53f295b\" data-block-id=\"53f295b\"><style>@media screen and (max-width:689px){.stk-53f295b{padding-top:20px !important;padding-right:20px !important;padding-bottom:20px !important;padding-left:20px !important}}<\/style><div class=\"stk-row stk-inner-blocks stk-block-content stk-content-align stk-53f295b-column\">\n<div class=\"wp-block-stackable-column stk-block-column stk-column stk-block stk-8a9c84e\" data-block-id=\"8a9c84e\"><style>@media screen and (max-width:689px){.stk-8a9c84e{margin-bottom:50px !important}}<\/style><div class=\"stk-column-wrapper stk-block-column__content stk-container stk-8a9c84e-container stk--no-background stk--no-padding\"><div class=\"stk-block-content stk-inner-blocks stk-8a9c84e-inner-blocks\">\n<div class=\"wp-block-stackable-heading stk-block-heading stk-block-heading--v2 stk-block stk-8f98763\" id=\"frial-20-000-mt-storage-capacity\" data-block-id=\"8f98763\"><style>@media screen and (max-width:689px){.stk-8f98763 .stk-block-heading__text{font-size:20px !important}}<\/style><h4 class=\"stk-block-heading__text has-text-align-left stk-block-heading--use-theme-margins\">FRIAL (20 000 mt capacitate de depozitare)<\/h4><\/div>\n\n\n\n<div class=\"wp-block-stackable-text stk-block-text stk-block stk-319259c\" data-block-id=\"319259c\"><style>.stk-319259c{margin-bottom:0px !important}<\/style><p class=\"stk-block-text__text has-text-align-left\">Rata de incarcare: 8000 mt\/24 h<\/p><\/div>\n\n\n\n<div class=\"wp-block-stackable-text stk-block-text stk-block stk-360d95b\" data-block-id=\"360d95b\"><style>.stk-360d95b{margin-bottom:0px !important}<\/style><p class=\"stk-block-text__text has-text-align-left\">Lungime maxima: 190 metri<\/p><\/div>\n\n\n\n<div class=\"wp-block-stackable-text stk-block-text stk-block stk-cb4033d\" data-block-id=\"cb4033d\"><style>.stk-cb4033d{margin-bottom:0px !important}<\/style><p class=\"stk-block-text__text\">Maximum Draft: 13.20meters brackish water<\/p><\/div>\n\n\n\n<div class=\"wp-block-stackable-text stk-block-text stk-block stk-5960583\" data-block-id=\"5960583\"><style>.stk-5960583{margin-bottom:0px !important}<\/style><p class=\"stk-block-text__text\">Distan\u021ba de la nivelul apei p\u00e2n\u0103 la partea superioar\u0103 a capacelor trapei: Maxim 16,50 metri<\/p><\/div>\n\n\n\n<div class=\"wp-block-stackable-text stk-block-text stk-block stk-ae57fc1\" data-block-id=\"ae57fc1\"><p class=\"stk-block-text__text\">Latime maxima: 24 de metri<\/p><\/div>\n<\/div><\/div><\/div>\n\n\n\n<div class=\"wp-block-stackable-column stk-block-column stk-column stk-block stk-f1af33a\" data-block-id=\"f1af33a\"><div class=\"stk-column-wrapper stk-block-column__content stk-container stk-f1af33a-container stk--no-background stk--no-padding\"><div class=\"stk-block-content stk-inner-blocks stk-f1af33a-inner-blocks\">\n<div class=\"wp-block-stackable-heading stk-block-heading stk-block-heading--v2 stk-block stk-5e4efe9\" id=\"socep-20-000-mt-storage-capacity\" data-block-id=\"5e4efe9\"><style>@media screen and (max-width:689px){.stk-5e4efe9 .stk-block-heading__text{font-size:20px !important}}<\/style><h4 class=\"stk-block-heading__text stk-block-heading--use-theme-margins\">SOCEP (20 000 mt capacitate de depozitare)<\/h4><\/div>\n\n\n\n<div class=\"wp-block-stackable-text stk-block-text stk-block stk-5232527\" data-block-id=\"5232527\"><style>.stk-5232527{margin-bottom:0px !important}<\/style><p class=\"stk-block-text__text\">Rata de incarcare: 8000 mt\/24 h<\/p><\/div>\n\n\n\n<div class=\"wp-block-stackable-text stk-block-text stk-block stk-650744b\" data-block-id=\"650744b\"><style>.stk-650744b{margin-bottom:0px !important}<\/style><p class=\"stk-block-text__text\">Lungime maxima: 240 metri<\/p><\/div>\n\n\n\n<div class=\"wp-block-stackable-text stk-block-text stk-block stk-860b406\" data-block-id=\"860b406\"><style>.stk-860b406{margin-bottom:0px !important}<\/style><p class=\"stk-block-text__text\">Maximum Draft: 11.20meters brackish water<\/p><\/div>\n\n\n\n<div class=\"wp-block-stackable-text stk-block-text stk-block stk-ce2f2ce\" data-block-id=\"ce2f2ce\"><style>.stk-ce2f2ce{margin-bottom:0px !important}<\/style><p class=\"stk-block-text__text\">Distan\u021ba de la nivelul apei p\u00e2n\u0103 la partea superioar\u0103 a capacelor trapei: Maxim 16,50 metri<\/p><\/div>\n\n\n\n<div class=\"wp-block-stackable-text stk-block-text stk-block stk-5e707f4\" data-block-id=\"5e707f4\"><p class=\"stk-block-text__text\">Latime maxima: 24 de metri<\/p><\/div>\n<\/div><\/div><\/div>\n<\/div><\/div>\n<\/div><\/div><\/div>\n<\/div><\/div>\n\n\n\n<p><\/p>","protected":false},"excerpt":{"rendered":"<p>We operate two terminals in the Port of Constanta, which is the biggest Black sea port and one of the biggest grain hubs in Europe Port storage facility near our terminals (marked red) Our storage capacity 40 000 metric tones (Frial \u2013 Berth 53, SOCEP \u2013 berth 35-37) FRIAL (20 000 mt storage capacity) Loading [&hellip;]<\/p>","protected":false},"author":1,"featured_media":0,"parent":0,"menu_order":0,"comment_status":"closed","ping_status":"closed","template":"","meta":{"footnotes":""},"class_list":["post-771","page","type-page","status-publish","hentry"],"blocksy_meta":{"page_title_panel":"","has_hero_section":"disabled","13c784dc46ee29102a13a20965957e63":"","hero_section":"type-1","hero_elements":[{"id":"custom_title","enabled":true,"heading_tag":"h1","title":"Home"},{"id":"custom_description","enabled":true,"description_visibility":{"desktop":true,"tablet":true,"mobile":false}},{"id":"custom_meta","enabled":false,"meta_elements":[{"id":"author","enabled":true,"label":"By","has_author_avatar":"yes","avatar_size":25},{"id":"post_date","enabled":true,"label":"On","date_format_source":"default","date_format":"M j, Y"},{"id":"updated_date","enabled":false,"label":"On","date_format_source":"default","date_format":"M j, Y"},{"id":"categories","enabled":false,"label":"In","style":"simple"},{"id":"comments","enabled":true}],"page_meta_elements":{"joined":true,"articles_count":true,"comments":true}},{"id":"breadcrumbs","enabled":false}],"6d57e02cffe0b25b7958f6b9589071a3":"","hero_alignment1":"CT_CSS_SKIP_RULE","hero_margin":40,"hero_alignment2":"center","hero_vertical_alignment":"center","01ed41cbba5f608b710b9601a8b1a128":"","hero_structure":"narrow","c83298e175f3da9c925c16a4c13a775a":"","page_title_bg_type":"featured_image","custom_hero_background":{"attachment_id":null},"page_title_image_size":"full","parallax":{"desktop":false,"tablet":false,"mobile":false},"dbcc3c47d12f28db2220d82bd686980a":"","hero_height":"250px","pageTitleFont":{"family":"Default","variation":"Default","size":"30px","line-height":"CT_CSS_SKIP_RULE","letter-spacing":"CT_CSS_SKIP_RULE","text-transform":"CT_CSS_SKIP_RULE","text-decoration":"CT_CSS_SKIP_RULE"},"pageTitleFontColor":{"default":{"color":"CT_CSS_SKIP_RULEDEFAULT"}},"pageMetaFont":{"family":"Default","variation":"n6","size":"12px","line-height":"1.3","letter-spacing":"CT_CSS_SKIP_RULE","text-transform":"uppercase","text-decoration":"CT_CSS_SKIP_RULE"},"pageMetaFontColor":{"default":{"color":"CT_CSS_SKIP_RULEDEFAULT"},"hover":{"color":"CT_CSS_SKIP_RULEDEFAULT"}},"page_meta_button_type_font_colors":{"default":{"color":"CT_CSS_SKIP_RULEDEFAULT"},"hover":{"color":"CT_CSS_SKIP_RULEDEFAULT"}},"page_meta_button_type_background_colors":{"default":{"color":"CT_CSS_SKIP_RULEDEFAULT"},"hover":{"color":"CT_CSS_SKIP_RULEDEFAULT"}},"pageExcerptFont":{"family":"Default","variation":"Default","size":"CT_CSS_SKIP_RULE","line-height":"CT_CSS_SKIP_RULE","letter-spacing":"CT_CSS_SKIP_RULE","text-transform":"CT_CSS_SKIP_RULE","text-decoration":"CT_CSS_SKIP_RULE"},"pageExcerptColor":{"default":{"color":"CT_CSS_SKIP_RULEDEFAULT"}},"breadcrumbsFont":{"family":"Default","variation":"Default","size":"CT_CSS_SKIP_RULE","line-height":"CT_CSS_SKIP_RULE","letter-spacing":"CT_CSS_SKIP_RULE","text-transform":"CT_CSS_SKIP_RULE","text-decoration":"CT_CSS_SKIP_RULE"},"breadcrumbsFontColor":{"default":{"color":"CT_CSS_SKIP_RULEDEFAULT"},"initial":{"color":"CT_CSS_SKIP_RULEDEFAULT"},"hover":{"color":"CT_CSS_SKIP_RULEDEFAULT"}},"pageTitleOverlay":{"background_type":"color","background_pattern":"type-1","background_image":{"attachment_id":null,"x":0,"y":0},"gradient":"linear-gradient(135deg,rgba(6,147,227,1) 0%,rgb(155,81,224) 100%)","background_repeat":"repeat","background_size":"auto","background_attachment":"scroll","patternColor":{"default":{"color":"#e5e7ea"}},"overlayColor":{"default":{"color":"CT_CSS_SKIP_RULE"}},"backgroundColor":{"default":{"color":"CT_CSS_SKIP_RULE"}}},"pageTitleBackground":{"background_type":"color","background_pattern":"type-1","background_image":{"attachment_id":null,"x":0,"y":0},"gradient":"linear-gradient(135deg,rgba(6,147,227,1) 0%,rgb(155,81,224) 100%)","background_repeat":"repeat","background_size":"auto","background_attachment":"scroll","patternColor":{"default":{"color":"#e5e7ea"}},"overlayColor":{"default":{"color":"CT_CSS_SKIP_RULE"}},"backgroundColor":{"default":{"color":"var(--theme-palette-color-6)"}}},"pageTitlePadding":{"top":"50px","bottom":"50px","left":"auto","right":"auto","linked":true},"e98d1a03bb55e31bc45e32d8727fcb5c":"","page_structure_type":"default","13fa11a07bcd26ba99a5b26711371fce":"","content_style_source":"inherit","content_style":"wide","vertical_spacing_source":"inherit","content_area_spacing":"both","background":{"background_type":"color","background_pattern":"type-1","background_image":{"attachment_id":null,"x":0,"y":0},"gradient":"linear-gradient(135deg,rgba(6,147,227,1) 0%,rgb(155,81,224) 100%)","background_repeat":"repeat","background_size":"auto","background_attachment":"scroll","patternColor":{"default":{"color":"#e5e7ea"}},"overlayColor":{"default":{"color":"CT_CSS_SKIP_RULE"}},"backgroundColor":{"default":{"color":"CT_CSS_SKIP_RULE"}}},"content_background":{"background_type":"color","background_pattern":"type-1","background_image":{"attachment_id":null,"x":0,"y":0},"gradient":"linear-gradient(135deg,rgba(6,147,227,1) 0%,rgb(155,81,224) 100%)","background_repeat":"repeat","background_size":"auto","background_attachment":"scroll","patternColor":{"default":{"color":"#e5e7ea"}},"overlayColor":{"default":{"color":"CT_CSS_SKIP_RULE"}},"backgroundColor":{"default":{"color":"var(--theme-palette-color-8)"}}},"content_boxed_shadow":{"inherit":false,"blur":18,"spread":-6,"v_offset":12,"h_offset":0,"inset":false,"enable":true,"color":{"color":"rgba(34, 56, 101, 0.04)"}},"boxed_content_spacing":{"desktop":{"top":"40px","bottom":"40px","left":"40px","right":"40px","linked":true},"tablet":{"top":"35px","bottom":"35px","left":"35px","right":"35px","linked":true},"mobile":{"top":"20px","bottom":"20px","left":"20px","right":"20px","linked":true}},"content_boxed_radius":{"top":"3px","bottom":"3px","left":"3px","right":"3px","linked":true},"78609972608fd81d9495bdc6ca0a3b52":"","disable_featured_image":"no","disable_share_box":"no","disable_header":"no","disable_footer":"no","styles_descriptor":{"styles":{"desktop":"","tablet":"","mobile":""},"google_fonts":[],"version":6}},"featured_image_urls_v2":{"full":"","thumbnail":"","medium":"","medium_large":"","large":"","1536x1536":"","2048x2048":"","trp-custom-language-flag":""},"post_excerpt_stackable_v2":"<p>We operate two terminals in the Port of Constanta, which is the biggest Black sea port and one of the biggest grain hubs in Europe Port storage facility near our terminals (marked red) Our storage capacity 40 000 metric tones (Frial \u2013 Berth 53, SOCEP \u2013 berth 35-37) FRIAL (20 000 mt storage capacity) Loading rate : 8000 mt\/24 h Maximum Length: 190meters Maximum Draft: 13.20meters brackish water Distance from the water level to top of hatch covers: Maximum 16.50 meters Maximum Width: 24meters SOCEP (20 000 mt storage capacity) Loading rate : 8000 mt\/24 h Maximum Length: 240meters Maximum&hellip;<\/p>\n","category_list_v2":"","author_info_v2":{"name":"madalinmoise00@gmail.com","url":"https:\/\/rintrans.obster.ro\/ro\/author\/madalinmoise00gmail-com\/"},"comments_num_v2":"0 comments","_links":{"self":[{"href":"https:\/\/rintrans.obster.ro\/ro\/wp-json\/wp\/v2\/pages\/771","targetHints":{"allow":["GET"]}}],"collection":[{"href":"https:\/\/rintrans.obster.ro\/ro\/wp-json\/wp\/v2\/pages"}],"about":[{"href":"https:\/\/rintrans.obster.ro\/ro\/wp-json\/wp\/v2\/types\/page"}],"author":[{"embeddable":true,"href":"https:\/\/rintrans.obster.ro\/ro\/wp-json\/wp\/v2\/users\/1"}],"replies":[{"embeddable":true,"href":"https:\/\/rintrans.obster.ro\/ro\/wp-json\/wp\/v2\/comments?post=771"}],"version-history":[{"count":0,"href":"https:\/\/rintrans.obster.ro\/ro\/wp-json\/wp\/v2\/pages\/771\/revisions"}],"wp:attachment":[{"href":"https:\/\/rintrans.obster.ro\/ro\/wp-json\/wp\/v2\/media?parent=771"}],"curies":[{"name":"wp","href":"https:\/\/api.w.org\/{rel}","templated":true}]}}