{"id":3,"date":"2022-04-06T11:08:24","date_gmt":"2022-04-06T11:08:24","guid":{"rendered":"https:\/\/rintransactiv.ro\/?page_id=3"},"modified":"2022-04-12T15:10:36","modified_gmt":"2022-04-12T15:10:36","slug":"privacy-policy","status":"publish","type":"page","link":"https:\/\/rintrans.obster.ro\/ro\/privacy-policy\/","title":{"rendered":"Privacy Policy"},"content":{"rendered":"<p>(\u201eRIN TRANS ACTIV\u201d sau \u201enoi\u201d), a dezvoltat aceast\u0103 Politic\u0103 de confiden\u021bialitate pentru a explica toate m\u0103surile noastre rezonabile de precau\u021bie pentru a p\u0103stra \u00een siguran\u021b\u0103 orice date cu caracter personal (\u201eDate\u201d). Acest site web poate include hyperlinkuri c\u0103tre site-uri web ale ter\u021bilor, care sunt complet \u00een afara controlului RIN TRANS ACTIV. Aceast\u0103 Politic\u0103 de confiden\u021bialitate se aplic\u0103 numai acestui site web, iar RIN TRANS ACTIV nu este responsabil pentru con\u021binutul practicilor de confiden\u021bialitate ale site-urilor web ale ter\u021bilor.<\/p>\n\n\n\n<p>Prelucrarea datelor de c\u0103tre RIN TRANS ACTIV<br>RIN TRANS ACTIV nu colecteaz\u0103 \u00een mod activ Date de identificare personal\u0103 de pe acest site web, cu excep\u021bia cazului \u00een care sunt furnizate \u00een mod specific \u0219i cu bun\u0103 \u0219tiin\u021b\u0103 de c\u0103tre dvs. \u00cen timp ce naviga\u021bi pe site-ul nostru, unele informa\u021bii pot fi \u00eenregistrate pasiv. \u00cenregistr\u0103m adresa dvs. de protocol de internet (\u201eIP\u201d) \u00een scopul administr\u0103rii sau compilarii informa\u021biilor demografice \u0219i al monitoriz\u0103rii utiliz\u0103rii \u0219i performan\u021bei acestui site web. Utiliz\u0103m tehnologia de urm\u0103rire (\u201eCookies\u201d) pentru a colecta date precum tipul de browser \u0219i sistemul de operare, valori, loca\u021bia geografic\u0103 \u0219i \u00een\u021belegerea modului \u00een care vizitatorii folosesc acest site web. Datele \u00eenregistrate sunt folosite anonim. Pentru mai multe informa\u021bii despre cookie-uri, consulta\u021bi <a href=\"\/ro\/cookie-policy\/\">Politica de cookie-uri<\/a>.<\/p>\n\n\n\n<p>Acceptare<br>Vizit\u00e2nd acest site web, comunic\u00e2nd cu noi \u0219i trimi\u021b\u00e2nd datele dumneavoastr\u0103 personale pe acest site web, lua\u021bi la cuno\u0219tin\u021b\u0103 \u0219i sunte\u021bi de acord cu prelucrarea noastr\u0103 a datelor personale \u00een acest mod \u0219i cu termenii acestei Politici de confiden\u021bialitate.<\/p>\n\n\n\n<p>Drepturile \u0219i contactul dumneavoastr\u0103<br>Ave\u021bi dreptul de a solicita de la RIN TRANS ACTIV \u00een calitate de operator de date acces la \u0219i rectificarea sau \u0219tergerea datelor dumneavoastr\u0103 cu caracter personal sau obiectul prelucr\u0103rii acestora, dac\u0103 o astfel de solicitare este acceptabil\u0103 \u00een conformitate cu legile \u0219i reglement\u0103rile aplicabile privind protec\u021bia datelor. De asemenea, pute\u021bi retrage oric\u00e2nd un anumit consim\u021b\u0103m\u00e2nt pentru prelucrarea datelor dumneavoastr\u0103 cu caracter personal, dac\u0103 datele dumneavoastr\u0103 cu caracter personal sunt prelucrate prin ob\u021binerea consim\u021b\u0103m\u00e2ntului dumneavoastr\u0103.<\/p>\n\n\n\n<p>Pentru a exercita aceste drepturi sau \u00een cazul oric\u0103rei \u00eentreb\u0103ri legate de aceast\u0103 Politic\u0103 de confiden\u021bialitate, v\u0103 rug\u0103m s\u0103 ne contacta\u021bi la <a href=\"tel:+40 722 167 825\">+40 722 167 825<\/a>.<\/p>","protected":false},"excerpt":{"rendered":"<p>(&#8220;RIN TRANS ACTIV&#8221;, &#8220;we&#8221; or &#8220;us&#8221;), has developed this Privacy Policy to explain all our reasonable precautions to keep any personal data (&#8220;Data&#8221;) secure. This website may include hyperlinks to third-party websites, which are completely beyond the control of RIN TRANS ACTIV. This Privacy Policy only applies to this website and RIN TRANS ACTIV is [&hellip;]<\/p>","protected":false},"author":1,"featured_media":0,"parent":0,"menu_order":0,"comment_status":"closed","ping_status":"closed","template":"","meta":{"footnotes":""},"class_list":["post-3","page","type-page","status-publish","hentry"],"blocksy_meta":{"styles_descriptor":{"styles":{"desktop":"","tablet":"","mobile":""},"google_fonts":[],"version":6}},"featured_image_urls_v2":{"full":"","thumbnail":"","medium":"","medium_large":"","large":"","1536x1536":"","2048x2048":"","trp-custom-language-flag":""},"post_excerpt_stackable_v2":"<p>(&#8220;RIN TRANS ACTIV&#8221;, &#8220;we&#8221; or &#8220;us&#8221;), has developed this Privacy Policy to explain all our reasonable precautions to keep any personal data (&#8220;Data&#8221;) secure. This website may include hyperlinks to third-party websites, which are completely beyond the control of RIN TRANS ACTIV. This Privacy Policy only applies to this website and RIN TRANS ACTIV is not responsible for the content of the privacy practices of third-party websites. Processing of data by RIN TRANS ACTIVRIN TRANS ACTIV does not actively collect personally identifying Data from this website except when specifically and knowingly provided by you. While you browse our website, some&hellip;<\/p>\n","category_list_v2":"","author_info_v2":{"name":"madalinmoise00@gmail.com","url":"https:\/\/rintrans.obster.ro\/ro\/author\/madalinmoise00gmail-com\/"},"comments_num_v2":"0 comments","_links":{"self":[{"href":"https:\/\/rintrans.obster.ro\/ro\/wp-json\/wp\/v2\/pages\/3","targetHints":{"allow":["GET"]}}],"collection":[{"href":"https:\/\/rintrans.obster.ro\/ro\/wp-json\/wp\/v2\/pages"}],"about":[{"href":"https:\/\/rintrans.obster.ro\/ro\/wp-json\/wp\/v2\/types\/page"}],"author":[{"embeddable":true,"href":"https:\/\/rintrans.obster.ro\/ro\/wp-json\/wp\/v2\/users\/1"}],"replies":[{"embeddable":true,"href":"https:\/\/rintrans.obster.ro\/ro\/wp-json\/wp\/v2\/comments?post=3"}],"version-history":[{"count":0,"href":"https:\/\/rintrans.obster.ro\/ro\/wp-json\/wp\/v2\/pages\/3\/revisions"}],"wp:attachment":[{"href":"https:\/\/rintrans.obster.ro\/ro\/wp-json\/wp\/v2\/media?parent=3"}],"curies":[{"name":"wp","href":"https:\/\/api.w.org\/{rel}","templated":true}]}}